{"id":5407,"date":"2023-03-09T22:39:03","date_gmt":"2023-03-09T21:39:03","guid":{"rendered":"https:\/\/www.selbstaendige-wissensarbeit.de\/about-us\/"},"modified":"2025-06-19T16:23:53","modified_gmt":"2025-06-19T14:23:53","slug":"about-us","status":"publish","type":"page","link":"https:\/\/www.selbstaendige-wissensarbeit.de\/en\/about-us\/","title":{"rendered":"About us"},"content":{"rendered":"\n\n\t<h1>About us<\/h1>\n<p>The German Association for Independent Knowledge Work (formerly ADESW) unites leading service providers for the project-based deployment of highly qualified self-employed knowledge workers as well as associated partners. The member companies employ more than 4,500 permanent staff internally. The industry turnover with self-employed knowledge workers amounted more than 15 billion euros in 2018.<\/p>\n<p>On an annual average, the members of the German Association for Association for Independent Knowledge Work collectively staff more than 20,000 projects with self-employed experts at over 5,000 companies. German companies benefit from these experts, whose knowledge and skills contribute significantly to the value creation of German companies. They are one of the key success factors for Germany&#8217;s business location and the innovative strength of the economy.<\/p>\n\t\t\t\t<img loading=\"lazy\" decoding=\"async\" src=\"https:\/\/www.selbstaendige-wissensarbeit.de\/wp-content\/uploads\/berlin-g0449ef8de_1920-800x800.jpg\" alt=\"berlin-g0449ef8de_1920\" itemprop=\"image\" height=\"800\" width=\"800\" title=\"berlin-g0449ef8de_1920\" onerror=\"this.style.display='none'\"  \/>\n\t<h2>Members<\/h2>\n<h6>\n\t\t<a href=\"https:\/\/www.etengo.de\/\" title=\"Etengo\" target=\"_blank\" rel=\"noopener\">\n\t\tEtengo\n\t\t<\/a>\n\t<\/h6>\n\t\t\t\t<a href=\"https:\/\/www.etengo.de\/\" target=\"_blank\" rel=\"noopener\" itemprop=\"url\">\n\t\t\t\t<img loading=\"lazy\" decoding=\"async\" src=\"https:\/\/www.selbstaendige-wissensarbeit.de\/wp-content\/uploads\/etengo3.png\" alt=\"etengo3\" itemprop=\"image\" height=\"203\" width=\"360\" title=\"etengo3\" onerror=\"this.style.display='none'\"  \/>\n\t\t\t\t<\/a>\n\t<p>&nbsp;<\/p>\n<p>&nbsp;<\/p>\n<h6>\n\t\t<a href=\"https:\/\/www.gulp.de\/\" title=\"Gulp\" target=\"_blank\" rel=\"noopener\">\n\t\tGulp\n\t\t<\/a>\n\t<\/h6>\n\t\t\t\t<a href=\"https:\/\/www.gulp.de\" target=\"_blank\" rel=\"noopener\" itemprop=\"url\">\n\t\t\t\t<img loading=\"lazy\" decoding=\"async\" src=\"https:\/\/www.selbstaendige-wissensarbeit.de\/wp-content\/uploads\/gulp.png\" alt=\"Gulp experts united\" itemprop=\"image\" height=\"203\" width=\"360\" title=\"gulp\" onerror=\"this.style.display='none'\"  \/>\n\t\t\t\t<\/a>\n\t<p><a href=\"https:\/\/www.gulp.de\/knowledge-base\" target=\"_blank\" rel=\"noopener noreferrer\">GULP-Knowledge Base<\/a><\/p>\n<p><a href=\"https:\/\/www.gulp.de\/knowledge-base\/stundensaetze\" target=\"_blank\" rel=\"noopener noreferrer\">GULP hourly rate survey<\/a><\/p>\n<h6>\n\t\t<a href=\"https:\/\/www.hays.de\/\" title=\"Hays\" target=\"_blank\" rel=\"noopener\">\n\t\tHays\n\t\t<\/a>\n\t<\/h6>\n\t\t\t\t<a href=\"https:\/\/www.hays.de\" target=\"_blank\" rel=\"noopener\" itemprop=\"url\">\n\t\t\t\t<img loading=\"lazy\" decoding=\"async\" src=\"https:\/\/www.selbstaendige-wissensarbeit.de\/wp-content\/uploads\/HAYS-ARROW_LOGO_STRAPLINE_STACKED_COL_RGB.jpg\" alt=\"HAYS-ARROW_LOGO_STRAPLINE_STACKED_COL_RGB\" itemprop=\"image\" height=\"288\" width=\"471\" title=\"HAYS-ARROW_LOGO_STRAPLINE_STACKED_COL_RGB\" onerror=\"this.style.display='none'\"  \/>\n\t\t\t\t<\/a>\n\t<p><a href=\"http:\/\/blog.hays.de\/\" target=\"_blank\" rel=\"noopener noreferrer\">Hays blog on topics relating to the world of work<\/a><\/p>\n<p><a href=\"https:\/\/www.hays.de\/personaldienstleistung-aktuell\/studien\" target=\"_blank\" rel=\"noopener noreferrer\">Hays studies on the labor market<\/a><\/p>\n<h6>\n\t\t<a href=\"https:\/\/www.krongaard.de\/\" title=\"Krongaard\" target=\"_blank\" rel=\"noopener\">\n\t\tKrongaard\n\t\t<\/a>\n\t<\/h6>\n\t\t\t\t<a href=\"https:\/\/www.krongaard.de\" target=\"_blank\" rel=\"noopener\" itemprop=\"url\">\n\t\t\t\t<img loading=\"lazy\" decoding=\"async\" src=\"https:\/\/www.selbstaendige-wissensarbeit.de\/wp-content\/uploads\/Krongaard-Logo.jpg\" alt=\"Krongaard Logo\" itemprop=\"image\" height=\"203\" width=\"360\" title=\"Krongaard Logo\" onerror=\"this.style.display='none'\"  \/>\n\t\t\t\t<\/a>\n\t<p><a href=\"https:\/\/www.krongaard.de\/blog\/\" target=\"_blank\" rel=\"noopener noreferrer\">KRONGAARD-Blog<\/a><\/p>\n<h6>\n\t\t<a href=\"https:\/\/www.personality-it.de\/start.html\" title=\"Akkodis\" target=\"_blank\" rel=\"noopener\">\n\t\tAkkodis\n\t\t<\/a>\n\t<\/h6>\n\t\t\t\t<a href=\"http:\/\/www.personality-it.de\/\" target=\"_blank\" rel=\"noopener\" itemprop=\"url\">\n\t\t\t\t<img loading=\"lazy\" decoding=\"async\" src=\"https:\/\/www.selbstaendige-wissensarbeit.de\/wp-content\/uploads\/akkodis.png\" alt=\"akkodis\" itemprop=\"image\" height=\"203\" width=\"360\" title=\"akkodis\" onerror=\"this.style.display='none'\"  \/>\n\t\t\t\t<\/a>\n<h6>\n\t\t<a href=\"https:\/\/www.sthreecareers.com\/de\/\" title=\"Sthree\" target=\"_blank\" rel=\"noopener\">\n\t\tSthree\n\t\t<\/a>\n\t<\/h6>\n\t\t\t\t<a href=\"https:\/\/www.sthree.com\/de\/\" target=\"_blank\" rel=\"noopener\" itemprop=\"url\">\n\t\t\t\t<img loading=\"lazy\" decoding=\"async\" src=\"https:\/\/www.selbstaendige-wissensarbeit.de\/wp-content\/uploads\/stree.png\" alt=\"Sthree\" itemprop=\"image\" height=\"203\" width=\"360\" title=\"stree\" onerror=\"this.style.display='none'\"  \/>\n\t\t\t\t<\/a>\n\t<p><a href=\"https:\/\/www.sthree.com\/de\/news\/\">SThree Blog for freelancers, employees and companies<\/a><\/p>\n<p><a href=\"https:\/\/so-arbeitet-deutschland.com\/\">SThree study on the German labor market<\/a><\/p>\n\t\t\t\t<a href=\"http:\/\/www.solcom.de%20\" target=\"_blank\" rel=\"noopener\" itemprop=\"url\">\n\t\t\t\t<img loading=\"lazy\" decoding=\"async\" src=\"https:\/\/www.selbstaendige-wissensarbeit.de\/wp-content\/uploads\/SOLCOM-1-400x288.jpg\" alt=\"SOLCOM\" itemprop=\"image\" height=\"288\" width=\"400\" height=\"288\" width=\"400\" title=\"SOLCOM\" onerror=\"this.style.display='none'\"  \/>\n\t\t\t\t<\/a>\n\t<p><a href=\"https:\/\/www.freiberufler-blog.de\/\">SOLCOM freelancer Blog<\/a><\/p>\n<h6>\n\t\t<a href=\"https:\/\/aristo-group.com\/\" title=\"Aristo\" target=\"_blank\" rel=\"noopener\">\n\t\tAristo\n\t\t<\/a>\n\t<\/h6>\n\t\t\t\t<a href=\"https:\/\/www.lenyx-group.com\/\" target=\"_blank\" rel=\"noopener\" itemprop=\"url\">\n\t\t\t\t<img loading=\"lazy\" decoding=\"async\" src=\"https:\/\/www.selbstaendige-wissensarbeit.de\/wp-content\/uploads\/Lenyx_Logo_Color-1.png\" alt=\"Logo Lenyx\" itemprop=\"image\" height=\"203\" width=\"360\" title=\"Lenyx_Logo_Color\" onerror=\"this.style.display='none'\"  \/>\n\t\t\t\t<\/a>\n<h6>\n\t\t<a href=\"https:\/\/aristo-group.com\/\" title=\"K-Recruiting\" target=\"_blank\" rel=\"noopener\">\n\t\tK-Recruiting\n\t\t<\/a>\n\t<\/h6>\n\t\t\t\t<a href=\"https:\/\/k-recruiting.com\/\" target=\"_blank\" rel=\"noopener\" itemprop=\"url\">\n\t\t\t\t<img loading=\"lazy\" decoding=\"async\" src=\"https:\/\/www.selbstaendige-wissensarbeit.de\/wp-content\/uploads\/K-Recruiting_Logo_hoch_Kblau_RGB-1.png\" alt=\"K-Recruiting_Logo_hoch_Kblau_RGB\" itemprop=\"image\" height=\"406\" width=\"720\" title=\"K-Recruiting_Logo_hoch_Kblau_RGB\" onerror=\"this.style.display='none'\"  \/>\n\t\t\t\t<\/a>\n\t<h2>Our Board<\/h2>\n\t\t\t\t<img loading=\"lazy\" decoding=\"async\" src=\"https:\/\/www.selbstaendige-wissensarbeit.de\/wp-content\/uploads\/Frischmuth-3-400x400.jpg\" alt=\"Frischmuth\" itemprop=\"image\" height=\"400\" width=\"400\" title=\"Frischmuth\" onerror=\"this.style.display='none'\"  \/>\n\t<h3>Carlos Frischmuth<\/h3>\n<p>Chairman of the Board<\/p>\n\t\t\t\t<img loading=\"lazy\" decoding=\"async\" src=\"https:\/\/www.selbstaendige-wissensarbeit.de\/wp-content\/uploads\/Foto_Jagemann_Web-800x800.jpg\" alt=\"\" itemprop=\"image\" height=\"800\" width=\"800\" onerror=\"this.style.display='none'\"  \/>\n\t<h3>Jan Jagemann<\/h3>\n<p>Deputy Chairman of the Board<\/p>\n\t\t\t\t<img loading=\"lazy\" decoding=\"async\" src=\"https:\/\/www.selbstaendige-wissensarbeit.de\/wp-content\/uploads\/Silke-Becker-2-800x800.jpg\" alt=\"Silke Becker (2)\" itemprop=\"image\" height=\"800\" width=\"800\" title=\"Silke Becker (2)\" onerror=\"this.style.display='none'\"  \/>\n\t<h3>Silke Becker<\/h3>\n<p>Treasurer<\/p>\n\t<h2>Der Nutzen selbst\u00e4ndiger Wissensarbeit aus der Sicht der Auftraggeber<\/h2>\n<p>Viele Unternehmen und Organisationen vertrauen seit vielen Jahren auf den Einsatz selbst\u00e4ndiger Wissensarbeiterinnen und Wissensarbeiter und ziehen gro\u00dfen Nutzen aus ihrer Unterst\u00fctzung. <a href=\"https:\/\/www.selbstaendige-wissensarbeit.de\/wer-wir-sind\/der-nutzen-selbstaendiger-wissensarbeit-aus-der-sicht-der-auftraggeber\/\">Hier<\/a> finden Sie eine Zusammenstellung an Erfahrungsberichten verschiedener Auftraggeber \u00fcber den Mehrwert, den der Einsatz selbst\u00e4ndiger Wissensarbeiterinnen und Wissensarbeiter ihren Unternehmen und Organisationen gebracht hat.<\/p>\n\t<h2>Vorgestellt<\/h2>\n\t<ul>\n<li><a data-video-id=\"video-jagemann-2023\"><strong>Jan Jagemann<\/strong>. Stellv. Vorsitzender Bundesverband f\u00fcr selbst\u00e4ndige Wissenarbeit, 2023<\/a><\/li>\n<li><a data-video-id=\"video-frischmuth\"><strong>Carlos Frischmuth<\/strong> zu den gesetzlichen Rahmenbedingen beim Einsatz selbst\u00e4ndiger Wissensarbeiter<\/a><\/li>\n<li><a data-video-id=\"video-jagemann\"><strong>Statement des Vorstands Jan Jagemann<\/strong> zur aktuellen Position und Forderungen des Bundesverbandes<\/a><\/li>\n<li><a data-video-id=\"video-ueber-uns\"><strong>Wir \u00fcber uns:<\/strong> Der Bundesverband f\u00fcr selbst\u00e4ndige Wissensarbeit stellt sich vor<\/a><\/li>\n<\/ul>\n\t<iframe loading=\"lazy\" width=\"560\" height=\"315\" src=\"https:\/\/www.youtube-nocookie.com\/embed\/A333sCl5QuA\" frameborder=\"0\" allow=\"autoplay; encrypted-media\" allowfullscreen><\/iframe>\n\t<iframe loading=\"lazy\" width=\"560\" height=\"315\" src=\"https:\/\/www.youtube-nocookie.com\/embed\/1SujDZq-ORw\" frameborder=\"0\" allow=\"autoplay; encrypted-media\" allowfullscreen><\/iframe>\n\t<iframe loading=\"lazy\" width=\"560\" height=\"315\" src=\"https:\/\/www.youtube-nocookie.com\/embed\/8O7pgVoRNVc\" frameborder=\"0\" allow=\"autoplay; encrypted-media\" allowfullscreen><\/iframe>\n\t<iframe loading=\"lazy\" width=\"560\" height=\"315\" src=\"https:\/\/www.youtube-nocookie.com\/embed\/emDC3pA8DWc\" frameborder=\"0\" allow=\"autoplay; encrypted-media\" allowfullscreen><\/iframe>\n\t<h2>Partner und F\u00f6rderer<\/h2>\n            <a href=\"https:\/\/www.freie-berufe.de\" target=\"_blank\" rel=\"noopener\"><\/a>\n            <a href=\"http:\/\/www.bv-honoraraerzte.de\/\" target=\"_blank\" rel=\"noopener\"><\/a>\n            <a href=\"http:\/\/www.dbits.it\/\" target=\"_blank\" rel=\"noopener\"><\/a>\n            <a href=\"http:\/\/www.bvbc.de\/\" target=\"_blank\" rel=\"noopener\"><\/a>\n            <a href=\"http:\/\/www.bbh.de\/\" target=\"_blank\" rel=\"noopener\"><\/a>\n            <a href=\"https:\/\/www.ddim.de\/\" target=\"_blank\" rel=\"noopener\"><\/a>\n            <a href=\"https:\/\/www.vdma.org\/\" target=\"_blank\" rel=\"noopener\"><\/a>\n            <a href=\"http:\/\/www.bvau.de\/\" target=\"_blank\" rel=\"noopener\"><\/a>\n            <a href=\"http:\/\/www.vgsd.de\/\" target=\"_blank\" rel=\"noopener\"><\/a>\n\t<h2>Code of Conduct<\/h2>\n<p>Die Bundesverband f\u00fcr selbst\u00e4ndige Wissensarbeit e.V. hat sich diese Leitlinien gegeben. Sie bilden die Grundlage f\u00fcr die in dem Verband zusammengeschlossenen Mitgliedsunternehmen.<\/p>\n\t\t\t<a href=\"\/wp-content\/uploads\/Code-of-Conduct-Bundesverband-f\u00fcr-selbst\u00e4ndige-Wissensarbeit.pdf\" download target=\"_self\" rel=\"noopener\">\n\t\t\t\t\t\t\tCode of Conduct des Bundesverbandes f\u00fcr selbst\u00e4ndige Wissensarbeit e.V.\n\t\t\t\t\t<\/a>\n\t<h2>Unsere Satzung<\/h2>\n<p>Satzung des Bundesverbandes f\u00fcr selbst\u00e4ndige Wissensarbeit e.V.<\/p>\n\t\t\t<a href=\"\/wp-content\/uploads\/Satzung-Bundesverband-f\u00fcr-selbst\u00e4ndige-Wissensarbeit.pdf\" download target=\"_self\" rel=\"noopener\">\n\t\t\t\t\t\t\tSatzung des Bundesverbandes f\u00fcr selbst\u00e4ndige Wissensarbeit e.V.\n\t\t\t\t\t<\/a>\n\n","protected":false},"excerpt":{"rendered":"<p>About us The German Association for Independent Knowledge Work (formerly ADESW) unites leading service providers for the project-based deployment of highly qualified self-employed knowledge workers as well as associated partners. The member companies employ more than 4,500 permanent staff internally. The industry turnover with self-employed knowledge workers amounted more than 15 billion euros in 2018. [&hellip;]<\/p>\n","protected":false},"author":1,"featured_media":0,"parent":0,"menu_order":0,"comment_status":"closed","ping_status":"closed","template":"","meta":{"footnotes":""},"class_list":["post-5407","page","type-page","status-publish","hentry"],"blocksy_meta":[],"yoast_head":"<!-- This site is optimized with the Yoast SEO plugin v25.4 - https:\/\/yoast.com\/wordpress\/plugins\/seo\/ -->\n<title>About us - selbstaendige-wissensarbeit.de<\/title>\n<meta name=\"robots\" content=\"index, follow, max-snippet:-1, max-image-preview:large, max-video-preview:-1\" \/>\n<link rel=\"canonical\" href=\"https:\/\/www.selbstaendige-wissensarbeit.de\/en\/about-us\/\" \/>\n<meta property=\"og:locale\" content=\"en_US\" \/>\n<meta property=\"og:type\" content=\"article\" \/>\n<meta property=\"og:title\" content=\"About us - selbstaendige-wissensarbeit.de\" \/>\n<meta property=\"og:description\" content=\"About us The German Association for Independent Knowledge Work (formerly ADESW) unites leading service providers for the project-based deployment of highly qualified self-employed knowledge workers as well as associated partners. The member companies employ more than 4,500 permanent staff internally. The industry turnover with self-employed knowledge workers amounted more than 15 billion euros in 2018. [&hellip;]\" \/>\n<meta property=\"og:url\" content=\"https:\/\/www.selbstaendige-wissensarbeit.de\/en\/about-us\/\" \/>\n<meta property=\"og:site_name\" content=\"selbstaendige-wissensarbeit.de\" \/>\n<meta property=\"article:modified_time\" content=\"2025-06-19T14:23:53+00:00\" \/>\n<meta property=\"og:image\" content=\"https:\/\/www.selbstaendige-wissensarbeit.de\/wp-content\/uploads\/berlin-g0449ef8de_1920-800x800.jpg\" \/>\n<meta name=\"twitter:card\" content=\"summary_large_image\" \/>\n<meta name=\"twitter:label1\" content=\"Est. reading time\" \/>\n\t<meta name=\"twitter:data1\" content=\"2 minutes\" \/>\n<script type=\"application\/ld+json\" class=\"yoast-schema-graph\">{\"@context\":\"https:\/\/schema.org\",\"@graph\":[{\"@type\":\"WebPage\",\"@id\":\"https:\/\/www.selbstaendige-wissensarbeit.de\/en\/about-us\/\",\"url\":\"https:\/\/www.selbstaendige-wissensarbeit.de\/en\/about-us\/\",\"name\":\"About us - selbstaendige-wissensarbeit.de\",\"isPartOf\":{\"@id\":\"https:\/\/www.selbstaendige-wissensarbeit.de\/#website\"},\"primaryImageOfPage\":{\"@id\":\"https:\/\/www.selbstaendige-wissensarbeit.de\/en\/about-us\/#primaryimage\"},\"image\":{\"@id\":\"https:\/\/www.selbstaendige-wissensarbeit.de\/en\/about-us\/#primaryimage\"},\"thumbnailUrl\":\"https:\/\/www.selbstaendige-wissensarbeit.de\/wp-content\/uploads\/berlin-g0449ef8de_1920-800x800.jpg\",\"datePublished\":\"2023-03-09T21:39:03+00:00\",\"dateModified\":\"2025-06-19T14:23:53+00:00\",\"breadcrumb\":{\"@id\":\"https:\/\/www.selbstaendige-wissensarbeit.de\/en\/about-us\/#breadcrumb\"},\"inLanguage\":\"en-US\",\"potentialAction\":[{\"@type\":\"ReadAction\",\"target\":[\"https:\/\/www.selbstaendige-wissensarbeit.de\/en\/about-us\/\"]}]},{\"@type\":\"ImageObject\",\"inLanguage\":\"en-US\",\"@id\":\"https:\/\/www.selbstaendige-wissensarbeit.de\/en\/about-us\/#primaryimage\",\"url\":\"https:\/\/www.selbstaendige-wissensarbeit.de\/wp-content\/uploads\/berlin-g0449ef8de_1920-800x800.jpg\",\"contentUrl\":\"https:\/\/www.selbstaendige-wissensarbeit.de\/wp-content\/uploads\/berlin-g0449ef8de_1920-800x800.jpg\"},{\"@type\":\"BreadcrumbList\",\"@id\":\"https:\/\/www.selbstaendige-wissensarbeit.de\/en\/about-us\/#breadcrumb\",\"itemListElement\":[{\"@type\":\"ListItem\",\"position\":1,\"name\":\"Startseite\",\"item\":\"https:\/\/www.selbstaendige-wissensarbeit.de\/\"},{\"@type\":\"ListItem\",\"position\":2,\"name\":\"About us\"}]},{\"@type\":\"WebSite\",\"@id\":\"https:\/\/www.selbstaendige-wissensarbeit.de\/#website\",\"url\":\"https:\/\/www.selbstaendige-wissensarbeit.de\/\",\"name\":\"selbstaendige-wissensarbeit.de\",\"description\":\"Bundesverband Selbst\u00e4ndige Wissensarbeit \u2013\u00a0ADESW\",\"publisher\":{\"@id\":\"https:\/\/www.selbstaendige-wissensarbeit.de\/#organization\"},\"potentialAction\":[{\"@type\":\"SearchAction\",\"target\":{\"@type\":\"EntryPoint\",\"urlTemplate\":\"https:\/\/www.selbstaendige-wissensarbeit.de\/?s={search_term_string}\"},\"query-input\":{\"@type\":\"PropertyValueSpecification\",\"valueRequired\":true,\"valueName\":\"search_term_string\"}}],\"inLanguage\":\"en-US\"},{\"@type\":\"Organization\",\"@id\":\"https:\/\/www.selbstaendige-wissensarbeit.de\/#organization\",\"name\":\"selbstaendige-wissensarbeit.de\",\"url\":\"https:\/\/www.selbstaendige-wissensarbeit.de\/\",\"logo\":{\"@type\":\"ImageObject\",\"inLanguage\":\"en-US\",\"@id\":\"https:\/\/www.selbstaendige-wissensarbeit.de\/#\/schema\/logo\/image\/\",\"url\":\"https:\/\/www.selbstaendige-wissensarbeit.de\/wp-content\/uploads\/bsw-logo.svg\",\"contentUrl\":\"https:\/\/www.selbstaendige-wissensarbeit.de\/wp-content\/uploads\/bsw-logo.svg\",\"width\":300,\"height\":114,\"caption\":\"selbstaendige-wissensarbeit.de\"},\"image\":{\"@id\":\"https:\/\/www.selbstaendige-wissensarbeit.de\/#\/schema\/logo\/image\/\"}}]}<\/script>\n<!-- \/ Yoast SEO plugin. -->","yoast_head_json":{"title":"About us - selbstaendige-wissensarbeit.de","robots":{"index":"index","follow":"follow","max-snippet":"max-snippet:-1","max-image-preview":"max-image-preview:large","max-video-preview":"max-video-preview:-1"},"canonical":"https:\/\/www.selbstaendige-wissensarbeit.de\/en\/about-us\/","og_locale":"en_US","og_type":"article","og_title":"About us - selbstaendige-wissensarbeit.de","og_description":"About us The German Association for Independent Knowledge Work (formerly ADESW) unites leading service providers for the project-based deployment of highly qualified self-employed knowledge workers as well as associated partners. The member companies employ more than 4,500 permanent staff internally. The industry turnover with self-employed knowledge workers amounted more than 15 billion euros in 2018. [&hellip;]","og_url":"https:\/\/www.selbstaendige-wissensarbeit.de\/en\/about-us\/","og_site_name":"selbstaendige-wissensarbeit.de","article_modified_time":"2025-06-19T14:23:53+00:00","og_image":[{"url":"https:\/\/www.selbstaendige-wissensarbeit.de\/wp-content\/uploads\/berlin-g0449ef8de_1920-800x800.jpg","type":"","width":"","height":""}],"twitter_card":"summary_large_image","twitter_misc":{"Est. reading time":"2 minutes"},"schema":{"@context":"https:\/\/schema.org","@graph":[{"@type":"WebPage","@id":"https:\/\/www.selbstaendige-wissensarbeit.de\/en\/about-us\/","url":"https:\/\/www.selbstaendige-wissensarbeit.de\/en\/about-us\/","name":"About us - selbstaendige-wissensarbeit.de","isPartOf":{"@id":"https:\/\/www.selbstaendige-wissensarbeit.de\/#website"},"primaryImageOfPage":{"@id":"https:\/\/www.selbstaendige-wissensarbeit.de\/en\/about-us\/#primaryimage"},"image":{"@id":"https:\/\/www.selbstaendige-wissensarbeit.de\/en\/about-us\/#primaryimage"},"thumbnailUrl":"https:\/\/www.selbstaendige-wissensarbeit.de\/wp-content\/uploads\/berlin-g0449ef8de_1920-800x800.jpg","datePublished":"2023-03-09T21:39:03+00:00","dateModified":"2025-06-19T14:23:53+00:00","breadcrumb":{"@id":"https:\/\/www.selbstaendige-wissensarbeit.de\/en\/about-us\/#breadcrumb"},"inLanguage":"en-US","potentialAction":[{"@type":"ReadAction","target":["https:\/\/www.selbstaendige-wissensarbeit.de\/en\/about-us\/"]}]},{"@type":"ImageObject","inLanguage":"en-US","@id":"https:\/\/www.selbstaendige-wissensarbeit.de\/en\/about-us\/#primaryimage","url":"https:\/\/www.selbstaendige-wissensarbeit.de\/wp-content\/uploads\/berlin-g0449ef8de_1920-800x800.jpg","contentUrl":"https:\/\/www.selbstaendige-wissensarbeit.de\/wp-content\/uploads\/berlin-g0449ef8de_1920-800x800.jpg"},{"@type":"BreadcrumbList","@id":"https:\/\/www.selbstaendige-wissensarbeit.de\/en\/about-us\/#breadcrumb","itemListElement":[{"@type":"ListItem","position":1,"name":"Startseite","item":"https:\/\/www.selbstaendige-wissensarbeit.de\/"},{"@type":"ListItem","position":2,"name":"About us"}]},{"@type":"WebSite","@id":"https:\/\/www.selbstaendige-wissensarbeit.de\/#website","url":"https:\/\/www.selbstaendige-wissensarbeit.de\/","name":"selbstaendige-wissensarbeit.de","description":"Bundesverband Selbst\u00e4ndige Wissensarbeit \u2013\u00a0ADESW","publisher":{"@id":"https:\/\/www.selbstaendige-wissensarbeit.de\/#organization"},"potentialAction":[{"@type":"SearchAction","target":{"@type":"EntryPoint","urlTemplate":"https:\/\/www.selbstaendige-wissensarbeit.de\/?s={search_term_string}"},"query-input":{"@type":"PropertyValueSpecification","valueRequired":true,"valueName":"search_term_string"}}],"inLanguage":"en-US"},{"@type":"Organization","@id":"https:\/\/www.selbstaendige-wissensarbeit.de\/#organization","name":"selbstaendige-wissensarbeit.de","url":"https:\/\/www.selbstaendige-wissensarbeit.de\/","logo":{"@type":"ImageObject","inLanguage":"en-US","@id":"https:\/\/www.selbstaendige-wissensarbeit.de\/#\/schema\/logo\/image\/","url":"https:\/\/www.selbstaendige-wissensarbeit.de\/wp-content\/uploads\/bsw-logo.svg","contentUrl":"https:\/\/www.selbstaendige-wissensarbeit.de\/wp-content\/uploads\/bsw-logo.svg","width":300,"height":114,"caption":"selbstaendige-wissensarbeit.de"},"image":{"@id":"https:\/\/www.selbstaendige-wissensarbeit.de\/#\/schema\/logo\/image\/"}}]}},"_links":{"self":[{"href":"https:\/\/www.selbstaendige-wissensarbeit.de\/en\/wp-json\/wp\/v2\/pages\/5407","targetHints":{"allow":["GET"]}}],"collection":[{"href":"https:\/\/www.selbstaendige-wissensarbeit.de\/en\/wp-json\/wp\/v2\/pages"}],"about":[{"href":"https:\/\/www.selbstaendige-wissensarbeit.de\/en\/wp-json\/wp\/v2\/types\/page"}],"author":[{"embeddable":true,"href":"https:\/\/www.selbstaendige-wissensarbeit.de\/en\/wp-json\/wp\/v2\/users\/1"}],"replies":[{"embeddable":true,"href":"https:\/\/www.selbstaendige-wissensarbeit.de\/en\/wp-json\/wp\/v2\/comments?post=5407"}],"version-history":[{"count":3,"href":"https:\/\/www.selbstaendige-wissensarbeit.de\/en\/wp-json\/wp\/v2\/pages\/5407\/revisions"}],"predecessor-version":[{"id":5937,"href":"https:\/\/www.selbstaendige-wissensarbeit.de\/en\/wp-json\/wp\/v2\/pages\/5407\/revisions\/5937"}],"wp:attachment":[{"href":"https:\/\/www.selbstaendige-wissensarbeit.de\/en\/wp-json\/wp\/v2\/media?parent=5407"}],"curies":[{"name":"wp","href":"https:\/\/api.w.org\/{rel}","templated":true}]}}